{"id":50,"date":"2024-09-12T20:57:04","date_gmt":"2024-09-12T20:57:04","guid":{"rendered":"http:\/\/www.kadirmolla.com\/giris-2\/"},"modified":"2024-11-11T08:41:56","modified_gmt":"2024-11-11T08:41:56","slug":"giris-2","status":"publish","type":"page","link":"https:\/\/www.kadirmolla.com\/","title":{"rendered":"Giri\u015f"},"content":{"rendered":"\n    \n    <section class=\"u-clearfix u-container-align-center u-palette-5-dark-3 u-section-2\" id=\"carousel_54d7\">\n      <div class=\"u-clearfix u-sheet u-valign-middle-lg u-valign-middle-xl u-sheet-1\">\n        <img class=\"u-expanded-width u-image u-image-default lazyload u-image-1\" alt=\"\" data-image-width=\"1920\" data-image-height=\"1079\" data-src=\"https:\/\/www.kadirmolla.com\/wp-content\/uploads\/2024\/09\/qrkadir-3.jpg\">\n      <\/div>\n    <\/section>\n    <section class=\"u-clearfix u-palette-1-dark-3 u-section-3\" id=\"sec-73c6\">\n      <div class=\"u-clearfix u-sheet u-sheet-1\">\n        <h2 class=\"u-align-left u-text u-text-grey-60 u-text-1\"> Zu welchem \u200bThema m\u00f6chten Sie mich erreichen?<\/h2>\n        <p class=\"u-align-left u-text u-text-grey-50 u-text-2\"> Nachfolgend teile ich Informationen und Websites zu den Themen, zu denen Sie mich erreichen m\u00f6chten. Mit diesen Informationen k\u00f6nnen Sie Antworten auf viele Ihrer Fragen finden. Ich habe auch eine erweiterte Vorlage f\u00fcr Ihre Fragen vorbereitet. Ich wollte Ihnen mit dieser Vorlage schnell helfen.<\/p>\n        <div class=\"u-expanded-width u-list u-list-1\">\n          <div class=\"u-repeater u-repeater-1\">\n            <div class=\"u-container-style u-image u-list-item u-repeater-item lazyload\" data-image-width=\"599\" data-image-height=\"598\" data-href=\"https:\/\/akargmbh.de\/de\/\" data-target=\"_blank\" data-bg=\"url(&quot;https:\/\/www.kadirmolla.com\/wp-content\/uploads\/2024\/09\/3-1.png&quot;)\">\n              <div class=\"u-container-layout u-similar-container u-container-layout-1\"><\/div>\n            <\/div>\n            <div class=\"u-container-style u-image u-list-item u-repeater-item lazyload\" data-image-width=\"597\" data-image-height=\"599\" data-href=\"https:\/\/ar-tent.de\" data-target=\"_blank\" data-bg=\"url(&quot;https:\/\/www.kadirmolla.com\/wp-content\/uploads\/2024\/09\/4-1.png&quot;)\">\n              <div class=\"u-container-layout u-similar-container u-container-layout-2\"><\/div>\n            <\/div>\n            <div class=\"u-container-style u-image u-list-item u-repeater-item lazyload\" data-image-width=\"603\" data-image-height=\"600\" data-href=\"https:\/\/prostone.com.tr\" data-target=\"_blank\" data-bg=\"url(&quot;https:\/\/www.kadirmolla.com\/wp-content\/uploads\/2024\/09\/5-1.png&quot;)\">\n              <div class=\"u-container-layout u-similar-container u-container-layout-3\"><\/div>\n            <\/div>\n          <\/div>\n        <\/div>\n        <div class=\"u-list u-list-2\">\n          <div class=\"u-repeater u-repeater-2\">\n            <div class=\"u-container-style u-list-item u-repeater-item\">\n              <div class=\"u-container-layout u-similar-container u-container-layout-4\">\n                <p class=\"u-custom-item u-text u-text-grey-50 u-text-3\">\n                  <a class=\"u-active-none u-border-none u-btn u-button-link u-button-style u-hover-none u-none u-text-palette-1-base u-btn-1\" href=\"http:\/\/www.akrgmbh.de\">GLASREINIGUNG<br>&nbsp;FASSADENREINIGUNG<br>&nbsp;FEINREINIGUNG<br>&nbsp;GEB\u00c4UDEREINIGUNG<br>&nbsp;FACILITY MANAGEMENT<br>&nbsp;HAUSHALTER\n                  <\/a>\n                <\/p>\n              <\/div>\n            <\/div>\n            <div class=\"u-container-style u-list-item u-repeater-item\">\n              <div class=\"u-container-layout u-similar-container u-container-layout-5\">\n                <p class=\"u-custom-item u-text u-text-default u-text-grey-50 u-text-4\">\n                  <a class=\"u-active-none u-border-none u-btn u-button-link u-button-style u-hover-none u-none u-text-palette-1-base u-btn-2\" href=\"http:\/\/www.ar-tent.de\">WINTERGARTEN<br>PERGOLA&nbsp;<br>TERRASSENSYSTEME<br>PVC-FENSTER-<br>T\u00dcR<br>HOLZT\u00dcR<br>EINGANGST\u00dcREN<br>&nbsp;GLASSTRENNWAND\n                  <\/a>\n                <\/p>\n              <\/div>\n            <\/div>\n            <div class=\"u-container-style u-list-item u-repeater-item\">\n              <div class=\"u-container-layout u-similar-container u-container-layout-6\">\n                <p class=\"u-custom-item u-text u-text-default u-text-grey-50 u-text-5\">\n                  <a class=\"u-active-none u-border-none u-btn u-button-link u-button-style u-hover-none u-none u-text-palette-1-base u-btn-3\" href=\"http:\/\/www.prostone.com.tr\">MARMOR&nbsp;&nbsp;<br>GRANIT<br>TRAVERTIN&nbsp;&nbsp;<br>FL\u0130ESEN&nbsp;<br>BODENBELAG&nbsp;<br>FASSADENBESCHICHTUNG\n                  <\/a>\n                <\/p>\n              <\/div>\n            <\/div>\n          <\/div>\n        <\/div>\n      <\/div>\n    <\/section>\n    <section class=\"u-clearfix u-palette-1-dark-3 u-section-4\" id=\"sec-9e75\">\n      <div class=\"u-clearfix u-sheet u-sheet-1\">\n        <img class=\"u-image u-image-default lazyload u-image-1\" alt=\"\" data-image-width=\"457\" data-image-height=\"586\" data-src=\"https:\/\/www.kadirmolla.com\/wp-content\/uploads\/2024\/09\/kadirmolla1-1.png\">\n        <h2 class=\"u-align-center u-text u-text-default u-text-grey-60 u-text-1\"> Wie arbeite ich<\/h2>\n        <p class=\"u-align-left u-text u-text-grey-60 u-text-2\">\n          <span style=\"font-weight: 700;\"> Wir Bauen die Zukunft mit unserer St\u00e4rke im Bauwesen<\/span>\n          <br>Bei bieten wir umfassende Dienstleistungen im Bauwesen an und erf\u00fcllen die Anforderungen unserer Kunden in verschiedenen Bereichen auf h\u00f6chstem Niveau. Ob gro\u00dfe Projekte oder individuelle Auftr\u00e4ge, wir setzen auf Qualit\u00e4t und Zuverl\u00e4ssigkeit in jedem Projekt.<br>\n          <span style=\"font-weight: 700;\">Warum wir<\/span>\n          <br>\n          <span style=\"font-weight: 700;\">Starke Referenzen<\/span>: Unsere Unternehmen verf\u00fcgen \u00fcber eine erfolgreiche Vergangenheit in ihren jeweiligen Bereichen und sind durch starke Referenzen in der Branche anerkannt. Wir arbeiten daran, Ihre Erwartungen in jedem Projekt zu erf\u00fcllen, indem wir die Kundenzufriedenheit in den Mittelpunkt stellen.<br>\n          <br>\n          <span style=\"font-weight: 700;\">Fortschrittliche Technik<\/span>: Wir besitzen die erforderliche technische Ausstattung und Ausr\u00fcstung, um Ihre Projekte nach h\u00f6chsten Standards, p\u00fcnktlich und im Budgetrahmen abzuschlie\u00dfen.<br>\n          <br>\n          <span style=\"font-weight: 700;\">Fachkundige Teams<\/span>: Wir arbeiten mit Experten auf jedem Gebiet zusammen, um Ihre Projekte professionell zu verwalten. Unser erfahrenes und geschultes Team gew\u00e4hrleistet Qualit\u00e4t in jeder Phase des Bauvorhabens.<br>\n          <br>\n          <span style=\"font-weight: 700;\">Internationale Partnerschaften:<\/span> Wir arbeiten mit Partnern und internationalen Firmen in vielen L\u00e4ndern zusammen. Dieses globale Netzwerk bietet Ihren Projekten eine breite Perspektive und stellt sicher, dass wir internationale Standards einhalten.<br>\n          <br>\n          <span style=\"font-weight: 700;\">Umfassender Service<\/span>: Wir bieten ein breites Spektrum an Dienstleistungen sowohl f\u00fcr gro\u00dfe Unternehmen als auch f\u00fcr Privatkunden an. Mit ma\u00dfgeschneiderten L\u00f6sungen schlie\u00dfen wir jedes Projekt erfolgreich ab.<br>\n          <br>\n          <span style=\"font-weight: 700;\">Seien Sie Teil der Qualit\u00e4t<\/span>\n          <br>\n          <br>Wenn Sie einen zuverl\u00e4ssigen und erfahrenen Partner f\u00fcr Ihre Bauprojekte suchen, sind wir bei bereit, Ihnen den besten Service zu bieten. Kontaktieren Sie uns und lassen Sie uns gemeinsam Ihre Projekte gestalten. \n        <\/p>\n      <\/div>\n    <\/section>\n    <section class=\"u-clearfix u-palette-1-dark-3 u-section-5\" id=\"sec-c590\">\n      <div class=\"u-clearfix u-sheet u-sheet-1\">\n        <h2 class=\"u-align-center u-custom-font u-font-lobster u-text u-text-default u-text-grey-60 u-text-1\">CARPE D\u0130EM.<\/h2>\n        <a href=\"https:\/\/wa.me\/+905325743114\" class=\"u-active-none u-border-2 u-border-active-black u-btn u-button-style u-hover-none u-none u-text-grey-60 u-text-hover-palette-2-base u-btn-1\" target=\"_blank\"><span class=\"u-icon u-icon-1\"><svg xmlns=\"http:\/\/www.w3.org\/2000\/svg\" xmlns:xlink=\"http:\/\/www.w3.org\/1999\/xlink\" version=\"1.1\" xml:space=\"preserve\" class=\"u-svg-content\" viewBox=\"0 0 512 512\" x=\"0px\" y=\"0px\" style=\"width: 1em; height: 1em;\"><path style=\"fill:currentColor;\" d=\"M256,0C114.617,0,0,114.617,0,256c0,52.03,15.563,100.414,42.231,140.818L0,512l119.128-39.706  C158.72,497.399,205.639,512,256,512c141.383,0,256-114.617,256-256S397.383,0,256,0z\"><\/path><path style=\"fill:#FFFFFF;\" d=\"M397.233,335.078V377.6c0.062,15.66-12.606,28.398-28.292,28.469c-0.892,0-1.783-0.035-2.675-0.115  c-43.705-4.74-85.689-19.641-122.571-43.52c-34.313-21.76-63.409-50.803-85.222-85.054c-24.002-36.979-38.938-79.086-43.599-122.898  c-1.412-15.59,10.108-29.378,25.732-30.791c0.847-0.062,1.686-0.106,2.534-0.106h42.611c14.257-0.141,26.412,10.293,28.407,24.382  c1.801,13.612,5.138,26.968,9.94,39.83c3.902,10.364,1.404,22.042-6.391,29.908l-18.035,17.999  c20.215,35.487,49.664,64.874,85.221,85.054l18.035-17.999c7.883-7.786,19.588-10.275,29.97-6.382  c12.888,4.802,26.271,8.13,39.91,9.922C387.09,308.312,397.594,320.689,397.233,335.078z\"><\/path><\/svg><\/span>&nbsp; +90 532 574 3114<span style=\"font-size: 1.875rem;\"><\/span>\n        <\/a>\n        <a href=\"https:\/\/wa.me\/+4915223153883\" class=\"u-active-none u-border-2 u-border-active-black u-btn u-button-style u-hover-none u-none u-text-grey-60 u-text-hover-palette-2-base u-btn-2\" target=\"_blank\"><span class=\"u-icon u-icon-2\"><svg xmlns=\"http:\/\/www.w3.org\/2000\/svg\" xmlns:xlink=\"http:\/\/www.w3.org\/1999\/xlink\" version=\"1.1\" xml:space=\"preserve\" class=\"u-svg-content\" viewBox=\"0 0 512 512\" x=\"0px\" y=\"0px\" style=\"width: 1em; height: 1em;\"><path style=\"fill:currentColor;\" d=\"M256,0C114.617,0,0,114.617,0,256c0,52.03,15.563,100.414,42.231,140.818L0,512l119.128-39.706  C158.72,497.399,205.639,512,256,512c141.383,0,256-114.617,256-256S397.383,0,256,0z\"><\/path><path style=\"fill:#FFFFFF;\" d=\"M397.233,335.078V377.6c0.062,15.66-12.606,28.398-28.292,28.469c-0.892,0-1.783-0.035-2.675-0.115  c-43.705-4.74-85.689-19.641-122.571-43.52c-34.313-21.76-63.409-50.803-85.222-85.054c-24.002-36.979-38.938-79.086-43.599-122.898  c-1.412-15.59,10.108-29.378,25.732-30.791c0.847-0.062,1.686-0.106,2.534-0.106h42.611c14.257-0.141,26.412,10.293,28.407,24.382  c1.801,13.612,5.138,26.968,9.94,39.83c3.902,10.364,1.404,22.042-6.391,29.908l-18.035,17.999  c20.215,35.487,49.664,64.874,85.221,85.054l18.035-17.999c7.883-7.786,19.588-10.275,29.97-6.382  c12.888,4.802,26.271,8.13,39.91,9.922C387.09,308.312,397.594,320.689,397.233,335.078z\"><\/path><\/svg><\/span>&nbsp;+49 1522 315 3883<span style=\"font-size: 1.875rem;\"><\/span>\n        <\/a>\n        <a href=\"mailto:info@kadirmolla.com\" class=\"u-active-none u-border-2 u-border-active-black u-btn u-button-style u-hover-none u-none u-text-grey-60 u-text-hover-palette-2-base u-btn-3\">info@kadirmolla.com<\/a>\n        <img class=\"u-image u-image-circle lazyload u-image-1\" alt=\"\" data-image-width=\"1400\" data-image-height=\"788\" data-src=\"https:\/\/www.kadirmolla.com\/wp-content\/uploads\/2024\/09\/Eyo_QIqfY0msoFaW6MXjwA-1.png\">\n        <div class=\"u-list u-list-1\">\n          <div class=\"u-repeater u-repeater-1\">\n            <div class=\"u-container-style u-list-item u-repeater-item\" data-target=\"_blank\">\n              <div class=\"u-container-layout u-similar-container u-valign-top u-container-layout-1\">\n                <a href=\"https:\/\/www.instagram.com\/akargmbh\/?utm_source=ig_web_button_share_sheet\" class=\"u-border-2 u-border-grey-60 u-btn u-button-style u-custom-item u-none u-btn-4\" target=\"_blank\">AKAR<\/a>\n              <\/div>\n            <\/div>\n            <div class=\"u-container-style u-list-item u-repeater-item\">\n              <div class=\"u-container-layout u-similar-container u-valign-top u-container-layout-2\">\n                <a href=\"https:\/\/www.instagram.com\/artent.de?utm_source=ig_web_button_share_sheet&amp;igsh=ZDNlZDc0MzIxNw==\" class=\"u-border-2 u-border-grey-60 u-btn u-button-style u-custom-item u-none u-btn-5\" target=\"_blank\">ARTENT<\/a>\n              <\/div>\n            <\/div>\n            <div class=\"u-container-style u-list-item u-repeater-item\">\n              <div class=\"u-container-layout u-similar-container u-valign-top u-container-layout-3\">\n                <a href=\"https:\/\/www.instagram.com\/prostone_design?utm_source=ig_web_button_share_sheet&amp;igsh=ZDNlZDc0MzIxNw==\" class=\"u-border-2 u-border-grey-60 u-btn u-button-style u-custom-item u-none u-btn-6\" target=\"_blank\">PROSTONE<\/a>\n              <\/div>\n            <\/div>\n          <\/div>\n        <\/div>\n        <h5 class=\"u-align-left u-text u-text-grey-50 u-text-2\"> N\u00dcRNBERG<\/h5>\n        <h5 class=\"u-align-left u-text u-text-grey-50 u-text-3\">\u0130STANBUL<\/h5>\n        <h5 class=\"u-align-left u-text u-text-grey-50 u-text-4\">MOSCOW<\/h5>\n        <h5 class=\"u-align-left u-text u-text-grey-50 u-text-5\">WASH\u0130NGTON, DC<\/h5>\n        <h5 class=\"u-align-left u-text u-text-grey-50 u-text-6\"> VERONA<\/h5>\n        <h5 class=\"u-align-left u-text u-text-grey-50 u-text-7\"> s\u0130dney<\/h5>\n      <\/div>\n    <\/section>\n    \n    \n    \n    \n    \n  \n","protected":false},"excerpt":{"rendered":"<p>Zu welchem \u200bThema m\u00f6chten Sie mich erreichen? Nachfolgend teile ich Informationen und Websites zu den Themen, zu denen Sie mich erreichen m\u00f6chten. Mit diesen Informationen k\u00f6nnen Sie Antworten auf viele Ihrer Fragen finden. Ich habe auch eine erweiterte Vorlage f\u00fcr Ihre Fragen vorbereitet. Ich wollte Ihnen mit dieser Vorlage schnell helfen. GLASREINIGUNG&nbsp;FASSADENREINIGUNG&nbsp;FEINREINIGUNG&nbsp;GEB\u00c4UDEREINIGUNG&nbsp;FACILITY MANAGEMENT&nbsp;HAUSHALTER WINTERGARTENPERGOLA&nbsp;TERRASSENSYSTEMEPVC-FENSTER-T\u00dcRHOLZT\u00dcREINGANGST\u00dcREN&nbsp;GLASSTRENNWAND MARMOR&nbsp;&nbsp;GRANITTRAVERTIN&nbsp;&nbsp;FL\u0130ESEN&nbsp;BODENBELAG&nbsp;FASSADENBESCHICHTUNG &hellip; <a href=\"https:\/\/www.kadirmolla.com\/\" class=\"more-link\">Continue reading<span class=\"screen-reader-text\"> &#8220;Giri\u015f&#8221;<\/span><\/a><\/p>\n","protected":false},"author":1,"featured_media":0,"parent":0,"menu_order":3,"comment_status":"closed","ping_status":"closed","template":"","meta":{"footnotes":""},"class_list":["post-50","page","type-page","status-publish","hentry"],"yoast_head":"<!-- This site is optimized with the Yoast SEO plugin v23.4 - https:\/\/yoast.com\/wordpress\/plugins\/seo\/ -->\n<title>Giri\u015f - My Blog<\/title>\n<meta name=\"robots\" content=\"index, follow, max-snippet:-1, max-image-preview:large, max-video-preview:-1\" \/>\n<link rel=\"canonical\" href=\"http:\/\/www.kadirmolla.com\/\" \/>\n<meta property=\"og:locale\" content=\"tr_TR\" \/>\n<meta property=\"og:type\" content=\"article\" \/>\n<meta property=\"og:title\" content=\"Giri\u015f - My Blog\" \/>\n<meta property=\"og:description\" content=\"Zu welchem \u200bThema m\u00f6chten Sie mich erreichen? Nachfolgend teile ich Informationen und Websites zu den Themen, zu denen Sie mich erreichen m\u00f6chten. Mit diesen Informationen k\u00f6nnen Sie Antworten auf viele Ihrer Fragen finden. Ich habe auch eine erweiterte Vorlage f\u00fcr Ihre Fragen vorbereitet. Ich wollte Ihnen mit dieser Vorlage schnell helfen. GLASREINIGUNG&nbsp;FASSADENREINIGUNG&nbsp;FEINREINIGUNG&nbsp;GEB\u00c4UDEREINIGUNG&nbsp;FACILITY MANAGEMENT&nbsp;HAUSHALTER WINTERGARTENPERGOLA&nbsp;TERRASSENSYSTEMEPVC-FENSTER-T\u00dcRHOLZT\u00dcREINGANGST\u00dcREN&nbsp;GLASSTRENNWAND MARMOR&nbsp;&nbsp;GRANITTRAVERTIN&nbsp;&nbsp;FL\u0130ESEN&nbsp;BODENBELAG&nbsp;FASSADENBESCHICHTUNG &hellip; Continue reading &quot;Giri\u015f&quot;\" \/>\n<meta property=\"og:url\" content=\"http:\/\/www.kadirmolla.com\/\" \/>\n<meta property=\"og:site_name\" content=\"My Blog\" \/>\n<meta property=\"article:modified_time\" content=\"2024-11-11T08:41:56+00:00\" \/>\n<meta name=\"twitter:card\" content=\"summary_large_image\" \/>\n<meta name=\"twitter:label1\" content=\"Tahmini okuma s\u00fcresi\" \/>\n\t<meta name=\"twitter:data1\" content=\"2 dakika\" \/>\n<script type=\"application\/ld+json\" class=\"yoast-schema-graph\">{\"@context\":\"https:\/\/schema.org\",\"@graph\":[{\"@type\":\"WebPage\",\"@id\":\"http:\/\/www.kadirmolla.com\/\",\"url\":\"http:\/\/www.kadirmolla.com\/\",\"name\":\"Giri\u015f - My Blog\",\"isPartOf\":{\"@id\":\"http:\/\/www.kadirmolla.com\/#website\"},\"datePublished\":\"2024-09-12T20:57:04+00:00\",\"dateModified\":\"2024-11-11T08:41:56+00:00\",\"breadcrumb\":{\"@id\":\"http:\/\/www.kadirmolla.com\/#breadcrumb\"},\"inLanguage\":\"tr\",\"potentialAction\":[{\"@type\":\"ReadAction\",\"target\":[\"http:\/\/www.kadirmolla.com\/\"]}]},{\"@type\":\"BreadcrumbList\",\"@id\":\"http:\/\/www.kadirmolla.com\/#breadcrumb\",\"itemListElement\":[{\"@type\":\"ListItem\",\"position\":1,\"name\":\"Anasayfa\",\"item\":\"http:\/\/www.kadirmolla.com\/\"},{\"@type\":\"ListItem\",\"position\":2,\"name\":\"Giri\u015f\"}]},{\"@type\":\"WebSite\",\"@id\":\"http:\/\/www.kadirmolla.com\/#website\",\"url\":\"http:\/\/www.kadirmolla.com\/\",\"name\":\"My Blog\",\"description\":\"My WordPress Blog\",\"potentialAction\":[{\"@type\":\"SearchAction\",\"target\":{\"@type\":\"EntryPoint\",\"urlTemplate\":\"http:\/\/www.kadirmolla.com\/?s={search_term_string}\"},\"query-input\":{\"@type\":\"PropertyValueSpecification\",\"valueRequired\":true,\"valueName\":\"search_term_string\"}}],\"inLanguage\":\"tr\"}]}<\/script>\n<!-- \/ Yoast SEO plugin. -->","yoast_head_json":{"title":"Giri\u015f - My Blog","robots":{"index":"index","follow":"follow","max-snippet":"max-snippet:-1","max-image-preview":"max-image-preview:large","max-video-preview":"max-video-preview:-1"},"canonical":"http:\/\/www.kadirmolla.com\/","og_locale":"tr_TR","og_type":"article","og_title":"Giri\u015f - My Blog","og_description":"Zu welchem \u200bThema m\u00f6chten Sie mich erreichen? Nachfolgend teile ich Informationen und Websites zu den Themen, zu denen Sie mich erreichen m\u00f6chten. Mit diesen Informationen k\u00f6nnen Sie Antworten auf viele Ihrer Fragen finden. Ich habe auch eine erweiterte Vorlage f\u00fcr Ihre Fragen vorbereitet. Ich wollte Ihnen mit dieser Vorlage schnell helfen. GLASREINIGUNG&nbsp;FASSADENREINIGUNG&nbsp;FEINREINIGUNG&nbsp;GEB\u00c4UDEREINIGUNG&nbsp;FACILITY MANAGEMENT&nbsp;HAUSHALTER WINTERGARTENPERGOLA&nbsp;TERRASSENSYSTEMEPVC-FENSTER-T\u00dcRHOLZT\u00dcREINGANGST\u00dcREN&nbsp;GLASSTRENNWAND MARMOR&nbsp;&nbsp;GRANITTRAVERTIN&nbsp;&nbsp;FL\u0130ESEN&nbsp;BODENBELAG&nbsp;FASSADENBESCHICHTUNG &hellip; Continue reading \"Giri\u015f\"","og_url":"http:\/\/www.kadirmolla.com\/","og_site_name":"My Blog","article_modified_time":"2024-11-11T08:41:56+00:00","twitter_card":"summary_large_image","twitter_misc":{"Tahmini okuma s\u00fcresi":"2 dakika"},"schema":{"@context":"https:\/\/schema.org","@graph":[{"@type":"WebPage","@id":"http:\/\/www.kadirmolla.com\/","url":"http:\/\/www.kadirmolla.com\/","name":"Giri\u015f - My Blog","isPartOf":{"@id":"http:\/\/www.kadirmolla.com\/#website"},"datePublished":"2024-09-12T20:57:04+00:00","dateModified":"2024-11-11T08:41:56+00:00","breadcrumb":{"@id":"http:\/\/www.kadirmolla.com\/#breadcrumb"},"inLanguage":"tr","potentialAction":[{"@type":"ReadAction","target":["http:\/\/www.kadirmolla.com\/"]}]},{"@type":"BreadcrumbList","@id":"http:\/\/www.kadirmolla.com\/#breadcrumb","itemListElement":[{"@type":"ListItem","position":1,"name":"Anasayfa","item":"http:\/\/www.kadirmolla.com\/"},{"@type":"ListItem","position":2,"name":"Giri\u015f"}]},{"@type":"WebSite","@id":"http:\/\/www.kadirmolla.com\/#website","url":"http:\/\/www.kadirmolla.com\/","name":"My Blog","description":"My WordPress Blog","potentialAction":[{"@type":"SearchAction","target":{"@type":"EntryPoint","urlTemplate":"http:\/\/www.kadirmolla.com\/?s={search_term_string}"},"query-input":{"@type":"PropertyValueSpecification","valueRequired":true,"valueName":"search_term_string"}}],"inLanguage":"tr"}]}},"_links":{"self":[{"href":"https:\/\/www.kadirmolla.com\/index.php?rest_route=\/wp\/v2\/pages\/50","targetHints":{"allow":["GET"]}}],"collection":[{"href":"https:\/\/www.kadirmolla.com\/index.php?rest_route=\/wp\/v2\/pages"}],"about":[{"href":"https:\/\/www.kadirmolla.com\/index.php?rest_route=\/wp\/v2\/types\/page"}],"author":[{"embeddable":true,"href":"https:\/\/www.kadirmolla.com\/index.php?rest_route=\/wp\/v2\/users\/1"}],"replies":[{"embeddable":true,"href":"https:\/\/www.kadirmolla.com\/index.php?rest_route=%2Fwp%2Fv2%2Fcomments&post=50"}],"version-history":[{"count":6,"href":"https:\/\/www.kadirmolla.com\/index.php?rest_route=\/wp\/v2\/pages\/50\/revisions"}],"predecessor-version":[{"id":157,"href":"https:\/\/www.kadirmolla.com\/index.php?rest_route=\/wp\/v2\/pages\/50\/revisions\/157"}],"wp:attachment":[{"href":"https:\/\/www.kadirmolla.com\/index.php?rest_route=%2Fwp%2Fv2%2Fmedia&parent=50"}],"curies":[{"name":"wp","href":"https:\/\/api.w.org\/{rel}","templated":true}]}}